{"id":1672,"date":"2025-06-09T18:25:23","date_gmt":"2025-06-09T16:25:23","guid":{"rendered":"https:\/\/esca.eu.com\/product\/vortex-2\/"},"modified":"2025-06-09T20:39:51","modified_gmt":"2025-06-09T18:39:51","slug":"vortex-2","status":"publish","type":"product","link":"https:\/\/esca.eu.com\/en\/product\/vortex-2\/","title":{"rendered":"Vortex 2&#8243;"},"content":{"rendered":"","protected":false},"excerpt":{"rendered":"<div class=\"page\" title=\"Page 26\">\n<div class=\"section\">\n<div class=\"layoutArea\">\n<div class=\"column\">\nRobak z kr\u0119conym ogonem. Oryginalny kszta\u0142t \u017cebrowanego korpusu z mi\u0119kkim ogonkiem w kszta\u0142cie sierpa pozwala na aktywn\u0105 zabaw\u0119 przyn\u0119t\u0105 i w\u0142\u0105czenie si\u0119 w prac\u0119 przy minimalnej pr\u0119dko\u015bci prowadzenia drutu i niewielkiej masie monta\u017cowej. Model ten posiada smuk\u0142y korpus, dlatego zaleca si\u0119 stosowanie cienkich, lekkich haczyk\u00f3w. Klasyczny MicroJig do po\u0142owu okoni, stosowany we wszelkiego rodzaju animacjach ryb rockfish.<br \/>\nSpecyfikacja: D\u0142ugo\u015b\u0107: 50 \u043c\u043c Atraktant: Kalmar<br \/>\nIlo\u015b\u0107: 10 szt.<br \/>\nProducent: ECSA<\/p>\n<\/div>\n<\/div>\n<\/div>\n<\/div>\n","protected":false},"featured_media":1648,"template":"","meta":{"_acf_changed":false},"product_brand":[53],"product_cat":[136,161],"product_tag":[],"class_list":{"0":"post-1672","1":"product","2":"type-product","3":"status-publish","4":"has-post-thumbnail","6":"product_brand-esca","7":"product_cat-freshwater","8":"product_cat-worm-en","10":"first","11":"instock","12":"shipping-taxable","13":"purchasable","14":"product-type-variable"},"acf":[],"_links":{"self":[{"href":"https:\/\/esca.eu.com\/en\/wp-json\/wp\/v2\/product\/1672","targetHints":{"allow":["GET"]}}],"collection":[{"href":"https:\/\/esca.eu.com\/en\/wp-json\/wp\/v2\/product"}],"about":[{"href":"https:\/\/esca.eu.com\/en\/wp-json\/wp\/v2\/types\/product"}],"wp:featuredmedia":[{"embeddable":true,"href":"https:\/\/esca.eu.com\/en\/wp-json\/wp\/v2\/media\/1648"}],"wp:attachment":[{"href":"https:\/\/esca.eu.com\/en\/wp-json\/wp\/v2\/media?parent=1672"}],"wp:term":[{"taxonomy":"product_brand","embeddable":true,"href":"https:\/\/esca.eu.com\/en\/wp-json\/wp\/v2\/product_brand?post=1672"},{"taxonomy":"product_cat","embeddable":true,"href":"https:\/\/esca.eu.com\/en\/wp-json\/wp\/v2\/product_cat?post=1672"},{"taxonomy":"product_tag","embeddable":true,"href":"https:\/\/esca.eu.com\/en\/wp-json\/wp\/v2\/product_tag?post=1672"}],"curies":[{"name":"wp","href":"https:\/\/api.w.org\/{rel}","templated":true}]}}