{"id":1298,"date":"2025-05-29T11:08:51","date_gmt":"2025-05-29T09:08:51","guid":{"rendered":"https:\/\/esca.eu.com\/?page_id=1298"},"modified":"2025-06-02T23:34:25","modified_gmt":"2025-06-02T21:34:25","slug":"refund-and-returns-policy","status":"publish","type":"page","link":"https:\/\/esca.eu.com\/en\/refund-and-returns-policy\/","title":{"rendered":"Refund and Returns Policy"},"content":{"rendered":"<div>\n<div data-id=\"page#1\" class=\"uk-section-default uk-section\">\n<div class=\"uk-container\">\n<div data-id=\"page#1-0\" class=\"uk-grid tm-grid-expand uk-child-width-1-1 uk-grid-margin\">\n<div class=\"uk-width-1-1\" data-id=\"page#1-0-0\">\n<h1 data-id=\"page#1-0-0-1\" data-element=\"\"><span>Dostawa i p\u0142atno\u015b\u0107<\/span><\/h1>\n<div class=\"uk-panel uk-margin\" data-id=\"page#1-0-0-2\" data-element=\"\">\n<p>W sklepie internetowym <strong>ESCA <\/strong>dbamy o to, aby Twoje zam\u00f3wienie dotar\u0142o szybko, bezpiecznie i wygodnie. Oferujemy sprawdzone metody dostawy oraz bezpieczne formy p\u0142atno\u015bci, aby zakupy by\u0142y dla Ciebie przyjemno\u015bci\u0105.<\/p>\n<\/div>\n<\/div>\n<\/div>\n<\/div>\n<\/div>\n<div data-id=\"page#2\" class=\"uk-section-default uk-section\">\n<div class=\"uk-container uk-container-large\">\n<div data-id=\"page#2-0\" class=\"uk-grid tm-grid-expand uk-grid-column-large uk-margin-large\" uk-grid=\"\">\n<div class=\"uk-width-1-2@m uk-first-column\" data-id=\"page#2-0-0\">\n<ul class=\"uk-list uk-list-large uk-margin-medium\" data-id=\"page#2-0-0-0\" data-element=\"\">\n<li class=\"el-item\">\n<div class=\"el-content uk-panel\"><strong>\ud83d\ude9a Dostawa<\/strong><br \/>Wsp\u00f3\u0142pracujemy z zaufanym przewo\u017anikiem InPost, dzi\u0119ki czemu mo\u017cesz odebra\u0107 przesy\u0142k\u0119 w najdogodniejszy spos\u00f3b: Paczkomaty InPost 24\/7 \u2013 odbierz kiedy chcesz, bez kolejek Kurier InPost \u2013 szybka dostawa pod wskazany adres\u00a0<\/p>\n<ul>\n<li>Czas realizacji zam\u00f3wienia: 1\u20132 dni robocze<\/li>\n<li>Zam\u00f3wienia z\u0142o\u017cone do godziny 12:00 wysy\u0142amy tego samego dnia!<\/li>\n<\/ul>\n<\/div>\n<\/li>\n<li class=\"el-item\">\n<div class=\"el-content uk-panel\">\n<p><strong>\ud83d\udcb3 P\u0142atno\u015b\u0107<\/strong><\/p>\n<p><strong>Oferujemy szybkie i bezpieczne metody p\u0142atno\u015bci online:<\/strong>, Przelewy24 \u2013 szybkie przelewy, BLIK, karta p\u0142atnicza P\u0142atno\u015b\u0107 kart\u0105 VISA \/ MasterCard Apple Pay \/ Google Pay (w zale\u017cno\u015bci od urz\u0105dzenia) Twoje p\u0142atno\u015bci s\u0105 w pe\u0142ni zabezpieczone \u2013 korzystamy z szyfrowanego po\u0142\u0105czenia SSL oraz sprawdzonych operator\u00f3w p\u0142atno\u015bci.<\/p>\n<\/div>\n<\/li>\n<\/ul>\n<hr data-id=\"page#2-0-0-1\" data-element=\"\" \/>\n<ul class=\"uk-list uk-list-large uk-margin-medium\" data-id=\"page#2-0-0-2\" data-element=\"\">\n<li class=\"el-item\">\n<div class=\"el-content uk-panel\">\n<p><strong>Masz pytania?<\/strong><br \/>Skontaktuj si\u0119 z nami:<\/p>\n<p><strong>ZOMER s.c.<\/strong><br \/>ul. Kryszta\u0142owa 31\/4, 01-356 Warszawa<br \/>NIP: 5262182335 REGON: 012777535<\/p>\n<p>+48 602 336 745<br \/>+48 602 338 815 <br \/>Pon \u2013 Sob 9:00 \u2013 18:00<\/p>\n<p>zomer-wa@wp.pl<br \/>info@esca.eu.com<\/p>\n<\/div>\n<\/li>\n<\/ul>\n<\/div>\n<\/div>\n<\/div>\n<\/div>\n<\/div>\n<p><!--more--><br \/>\n<!-- {\"type\":\"layout\",\"children\":[{\"type\":\"section\",\"props\":{\"image_position\":\"center-center\",\"style\":\"default\",\"title_breakpoint\":\"xl\",\"title_position\":\"top-left\",\"title_rotation\":\"left\",\"vertical_align\":\"middle\",\"width\":\"default\"},\"children\":[{\"type\":\"row\",\"children\":[{\"type\":\"column\",\"props\":{\"image_position\":\"center-center\",\"position_sticky_breakpoint\":\"m\"},\"children\":[{\"type\":\"text\",\"props\":{\"column_breakpoint\":\"m\",\"content\":\"\n\n\n\n<div data-id=\\\"page#1\\\" class=\\\"uk-section-default uk-section\\\">\\n\n\n\n\n<div class=\\\"uk-container\\\">\\n\n\n\n\n<div data-id=\\\"page#1-0\\\" class=\\\"uk-grid tm-grid-expand uk-child-width-1-1 uk-grid-margin\\\">\\n\n\n\n\n<div class=\\\"uk-width-1-1\\\" data-id=\\\"page#1-0-0\\\">\\n\n\n\n\n<h1 data-id=\\\"page#1-0-0-1\\\" data-element=\\\"\\\"><span>Dostawa i p\\u0142atno\\u015b\\u0107<\\\/span><\\\/h1>\\n\n\n\n\n<div class=\\\"uk-panel uk-margin\\\" data-id=\\\"page#1-0-0-2\\\" data-element=\\\"\\\">\\n\n\n\n\n<p>W sklepie internetowym <strong>ESCA <\\\/strong>dbamy o to, aby Twoje zam\\u00f3wienie dotar\\u0142o szybko, bezpiecznie i wygodnie. Oferujemy sprawdzone metody dostawy oraz bezpieczne formy p\\u0142atno\\u015bci, aby zakupy by\\u0142y dla Ciebie przyjemno\\u015bci\\u0105.<\\\/p>\\n<\\\/div>\\n<\\\/div>\\n<\\\/div>\\n<\\\/div>\\n<\\\/div>\\n\n\n\n\n<div data-id=\\\"page#2\\\" class=\\\"uk-section-default uk-section\\\">\\n\n\n\n\n<div class=\\\"uk-container uk-container-large\\\">\\n\n\n\n\n<div data-id=\\\"page#2-0\\\" class=\\\"uk-grid tm-grid-expand uk-grid-column-large uk-margin-large\\\" uk-grid=\\\"\\\">\\n\n\n\n\n<div class=\\\"uk-width-1-2@m uk-first-column\\\" data-id=\\\"page#2-0-0\\\">\\n\n\n\n\n<ul class=\\\"uk-list uk-list-large uk-margin-medium\\\" data-id=\\\"page#2-0-0-0\\\" data-element=\\\"\\\">\\n\n\n\n\n<li class=\\\"el-item\\\">\\n\n\n\n\n<div class=\\\"el-content uk-panel\\\"><strong>\\ud83d\\ude9a Dostawa<\\\/strong><br \\\/>Wsp\\u00f3\\u0142pracujemy z zaufanym przewo\\u017anikiem InPost, dzi\\u0119ki czemu mo\\u017cesz odebra\\u0107 przesy\\u0142k\\u0119 w najdogodniejszy spos\\u00f3b: Paczkomaty InPost 24\\\/7 \\u2013 odbierz kiedy chcesz, bez kolejek Kurier InPost \\u2013 szybka dostawa pod wskazany adres\\u00a0<br \\\/>\\n\n\n\n\n<ul>\\n\n\n\n\n<li>Czas realizacji zam\\u00f3wienia: 1\\u20132 dni robocze<\\\/li>\\n\n\n\n\n<li>Zam\\u00f3wienia z\\u0142o\\u017cone do godziny 12:00 wysy\\u0142amy tego samego dnia!<\\\/li>\\n<\\\/ul>\\n<\\\/div>\\n<\\\/li>\\n\n\n\n\n<li class=\\\"el-item\\\">\\n\n\n\n\n<div class=\\\"el-content uk-panel\\\">\\n\n\n\n\n<p><strong>\\ud83d\\udcb3 P\\u0142atno\\u015b\\u0107<\\\/strong><\\\/p>\\n\n\n\n\n<p><strong>Oferujemy szybkie i bezpieczne metody p\\u0142atno\\u015bci online:<\\\/strong>, Przelewy24 \\u2013 szybkie przelewy, BLIK, karta p\\u0142atnicza P\\u0142atno\\u015b\\u0107 kart\\u0105 VISA \\\/ MasterCard Apple Pay \\\/ Google Pay (w zale\\u017cno\\u015bci od urz\\u0105dzenia) Twoje p\\u0142atno\\u015bci s\\u0105 w pe\\u0142ni zabezpieczone \\u2013 korzystamy z szyfrowanego po\\u0142\\u0105czenia SSL oraz sprawdzonych operator\\u00f3w p\\u0142atno\\u015bci.<\\\/p>\\n<\\\/div>\\n<\\\/li>\\n<\\\/ul>\\n\n\n\n\n<hr data-id=\\\"page#2-0-0-1\\\" data-element=\\\"\\\" \\\/>\\n\n\n\n\n<ul class=\\\"uk-list uk-list-large uk-margin-medium\\\" data-id=\\\"page#2-0-0-2\\\" data-element=\\\"\\\">\\n\n\n\n\n<li class=\\\"el-item\\\">\\n\n\n\n\n<div class=\\\"el-content uk-panel\\\">\\n\n\n\n\n<p><strong>Masz pytania?<\\\/strong><br \\\/>Skontaktuj si\\u0119 z nami:<\\\/p>\\n\n\n\n\n<p><strong>ZOMER s.c.<\\\/strong><br \\\/>ul. Kryszta\\u0142owa 31\\\/4, 01-356 Warszawa<br \\\/>NIP: 5262182335 REGON: 012777535<\\\/p>\\n\n\n\n\n<p>+48 602 336 745<br \\\/>+48 602 338 815 <br \\\/>Pon \\u2013 Sob 9:00 \\u2013 18:00<br \\\/><br \\\/>zomer-wa@wp.pl<br \\\/>info@esca.eu.com<\\\/p>\\n<\\\/div>\\n<\\\/li>\\n<\\\/ul>\\n<\\\/div>\\n<\\\/div>\\n<\\\/div>\\n<\\\/div>\",\"margin\":\"default\"}}]}]}]}],\"version\":\"4.5.11\"} --><\/p>\n","protected":false},"excerpt":{"rendered":"<p>Dostawa i p\u0142atno\u015b\u0107 W sklepie internetowym ESCA dbamy o to, aby Twoje zam\u00f3wienie dotar\u0142o szybko, bezpiecznie i wygodnie. Oferujemy sprawdzone metody dostawy oraz bezpieczne formy p\u0142atno\u015bci, aby zakupy by\u0142y dla Ciebie przyjemno\u015bci\u0105. \ud83d\ude9a DostawaWsp\u00f3\u0142pracujemy z zaufanym przewo\u017anikiem InPost, dzi\u0119ki czemu mo\u017cesz odebra\u0107 przesy\u0142k\u0119 w najdogodniejszy spos\u00f3b: Paczkomaty InPost 24\/7 \u2013 odbierz kiedy chcesz, bez kolejek [&hellip;]<\/p>\n","protected":false},"author":1,"featured_media":0,"parent":0,"menu_order":0,"comment_status":"closed","ping_status":"closed","template":"","meta":{"_acf_changed":false,"footnotes":""},"class_list":["post-1298","page","type-page","status-publish","hentry"],"acf":[],"_links":{"self":[{"href":"https:\/\/esca.eu.com\/en\/wp-json\/wp\/v2\/pages\/1298","targetHints":{"allow":["GET"]}}],"collection":[{"href":"https:\/\/esca.eu.com\/en\/wp-json\/wp\/v2\/pages"}],"about":[{"href":"https:\/\/esca.eu.com\/en\/wp-json\/wp\/v2\/types\/page"}],"author":[{"embeddable":true,"href":"https:\/\/esca.eu.com\/en\/wp-json\/wp\/v2\/users\/1"}],"replies":[{"embeddable":true,"href":"https:\/\/esca.eu.com\/en\/wp-json\/wp\/v2\/comments?post=1298"}],"version-history":[{"count":4,"href":"https:\/\/esca.eu.com\/en\/wp-json\/wp\/v2\/pages\/1298\/revisions"}],"predecessor-version":[{"id":1403,"href":"https:\/\/esca.eu.com\/en\/wp-json\/wp\/v2\/pages\/1298\/revisions\/1403"}],"wp:attachment":[{"href":"https:\/\/esca.eu.com\/en\/wp-json\/wp\/v2\/media?parent=1298"}],"curies":[{"name":"wp","href":"https:\/\/api.w.org\/{rel}","templated":true}]}}