{"id":1895,"date":"2025-06-09T19:31:20","date_gmt":"2025-06-09T17:31:20","guid":{"rendered":"https:\/\/esca.eu.com\/?post_type=product&#038;p=1895"},"modified":"2025-06-09T20:30:17","modified_gmt":"2025-06-09T18:30:17","slug":"vibro-worm-2","status":"publish","type":"product","link":"https:\/\/esca.eu.com\/de\/product\/vibro-worm-2\/","title":{"rendered":"Vibro-Schnecke 2&#8243;"},"content":{"rendered":"","protected":false},"excerpt":{"rendered":"<div class=\"page\" title=\"Esca\">\n<div class=\"section\">\n<div class=\"layoutArea\">\n<div class=\"column\">\nDer Vibroogon hat ein geripptes K\u00f6rperdesign und eine l\u00e4ngliche Form, die ihm hohe ballistische Eigenschaften verleiht. Der weiche und flexible Schwanz erzeugt beim Angeln niederfrequente Vibrationen, die aktive und inaktive Fische aus gro\u00dfer Entfernung anlocken. Er wird verwendet, um eine breite Palette von Raubfischen zu fangen: Barsch, Hecht, Zander, Wels, D\u00f6bel und Rapfen, sowohl an klassischen Jigk\u00f6pfen als auch an gelenkigen Sets, einschlie\u00dflich Jig-Rigs  <\/p>\n<\/div>\n<\/div>\n<\/div>\n<\/div>\n","protected":false},"featured_media":1961,"template":"","meta":{"_acf_changed":false},"product_brand":[53],"product_cat":[147,162],"product_tag":[],"class_list":{"0":"post-1895","1":"product","2":"type-product","3":"status-publish","4":"has-post-thumbnail","6":"product_brand-esca","7":"product_cat-suswasser","8":"product_cat-worm-de","10":"first","11":"instock","12":"shipping-taxable","13":"purchasable","14":"product-type-variable"},"acf":[],"_links":{"self":[{"href":"https:\/\/esca.eu.com\/de\/wp-json\/wp\/v2\/product\/1895","targetHints":{"allow":["GET"]}}],"collection":[{"href":"https:\/\/esca.eu.com\/de\/wp-json\/wp\/v2\/product"}],"about":[{"href":"https:\/\/esca.eu.com\/de\/wp-json\/wp\/v2\/types\/product"}],"wp:featuredmedia":[{"embeddable":true,"href":"https:\/\/esca.eu.com\/de\/wp-json\/wp\/v2\/media\/1961"}],"wp:attachment":[{"href":"https:\/\/esca.eu.com\/de\/wp-json\/wp\/v2\/media?parent=1895"}],"wp:term":[{"taxonomy":"product_brand","embeddable":true,"href":"https:\/\/esca.eu.com\/de\/wp-json\/wp\/v2\/product_brand?post=1895"},{"taxonomy":"product_cat","embeddable":true,"href":"https:\/\/esca.eu.com\/de\/wp-json\/wp\/v2\/product_cat?post=1895"},{"taxonomy":"product_tag","embeddable":true,"href":"https:\/\/esca.eu.com\/de\/wp-json\/wp\/v2\/product_tag?post=1895"}],"curies":[{"name":"wp","href":"https:\/\/api.w.org\/{rel}","templated":true}]}}