{"id":1810,"date":"2025-06-09T19:06:58","date_gmt":"2025-06-09T17:06:58","guid":{"rendered":"https:\/\/esca.eu.com\/?post_type=product&#038;p=1810"},"modified":"2025-06-09T19:23:58","modified_gmt":"2025-06-09T17:23:58","slug":"vibro-worm-3","status":"publish","type":"product","link":"https:\/\/esca.eu.com\/de\/product\/vibro-worm-3\/","title":{"rendered":"Vibro Worm 3&#8243;"},"content":{"rendered":"","protected":false},"excerpt":{"rendered":"<div class=\"page\" title=\"Esca\">\n<div class=\"section\">\n<div class=\"layoutArea\">\n<div class=\"column\">\nWibroogon posiada \u017cebrowan\u0105 budow\u0119 korpusu oraz wyd\u0142u\u017cony kszta\u0142t, dzi\u0119ki czemu ma wysokie w\u0142a\u015bciwo\u015bci balistyczne. Mi\u0119kki i elastyczny ogon wytwarza podczas \u0142owienia wibracje o niskiej cz\u0119stotliwo\u015bci, przyci\u0105gaj\u0105c aktywne i nieaktywne ryby z dalekiej odleg\u0142o\u015bci. S\u0142u\u017cy do po\u0142owu szerokiej gamy drapie\u017cnik\u00f3w: okonia, szczupaka, sandacza, suma, klenia i bolenia, zar\u00f3wno na klasyczne g\u0142\u00f3wki jigowe, jak i na zestawy przegubowe, w tym jig-rig<\/p>\n<\/div>\n<\/div>\n<\/div>\n<\/div>\n","protected":false},"featured_media":1824,"template":"","meta":{"_acf_changed":false},"product_brand":[53],"product_cat":[147,162],"product_tag":[],"class_list":{"0":"post-1810","1":"product","2":"type-product","3":"status-publish","4":"has-post-thumbnail","6":"product_brand-esca","7":"product_cat-suswasser","8":"product_cat-worm-de","10":"first","11":"instock","12":"shipping-taxable","13":"purchasable","14":"product-type-variable"},"acf":[],"_links":{"self":[{"href":"https:\/\/esca.eu.com\/de\/wp-json\/wp\/v2\/product\/1810","targetHints":{"allow":["GET"]}}],"collection":[{"href":"https:\/\/esca.eu.com\/de\/wp-json\/wp\/v2\/product"}],"about":[{"href":"https:\/\/esca.eu.com\/de\/wp-json\/wp\/v2\/types\/product"}],"wp:featuredmedia":[{"embeddable":true,"href":"https:\/\/esca.eu.com\/de\/wp-json\/wp\/v2\/media\/1824"}],"wp:attachment":[{"href":"https:\/\/esca.eu.com\/de\/wp-json\/wp\/v2\/media?parent=1810"}],"wp:term":[{"taxonomy":"product_brand","embeddable":true,"href":"https:\/\/esca.eu.com\/de\/wp-json\/wp\/v2\/product_brand?post=1810"},{"taxonomy":"product_cat","embeddable":true,"href":"https:\/\/esca.eu.com\/de\/wp-json\/wp\/v2\/product_cat?post=1810"},{"taxonomy":"product_tag","embeddable":true,"href":"https:\/\/esca.eu.com\/de\/wp-json\/wp\/v2\/product_tag?post=1810"}],"curies":[{"name":"wp","href":"https:\/\/api.w.org\/{rel}","templated":true}]}}