{"id":1284,"date":"2025-04-07T01:27:23","date_gmt":"2025-04-06T23:27:23","guid":{"rendered":"https:\/\/esca.eu.com\/product\/zwillingsschwanz-1-3\/"},"modified":"2025-06-09T20:37:34","modified_gmt":"2025-06-09T18:37:34","slug":"zwillingsschwanz-1-3","status":"publish","type":"product","link":"https:\/\/esca.eu.com\/de\/product\/zwillingsschwanz-1-3\/","title":{"rendered":"Zwillingsschwanz 1.3&#8243;"},"content":{"rendered":"","protected":false},"excerpt":{"rendered":"<div class=\"page\" title=\"ESCA\">\n<div class=\"section\">\n<div class=\"layoutArea\">\n<div class=\"column\">\n<p>Der K\u00f6der imitiert eine Insektenlarve. Er hat einen dreieckigen K\u00f6rper, der an den Seiten gerippt und unten flach ist. Im hinteren Teil hat er einen gegabelten Schwanz, der, wenn er geholt wird, f\u00fcr zus\u00e4tzlichen Spa\u00df sorgt und selbst den &#8222;zur\u00fcckhaltendsten&#8220; R\u00e4uber zum Angriff provoziert. Funktioniert hervorragend mit allen Arten von Jig-Sets   <\/p>\n<\/div>\n<\/div>\n<\/div>\n<\/div>\n","protected":false},"featured_media":956,"template":"","meta":{"_acf_changed":false},"product_brand":[],"product_cat":[147,158],"product_tag":[],"class_list":{"0":"post-1284","1":"product","2":"type-product","3":"status-publish","4":"has-post-thumbnail","6":"product_cat-suswasser","7":"product_cat-zwillingsschwanz","9":"first","10":"instock","11":"shipping-taxable","12":"purchasable","13":"product-type-variable"},"acf":[],"_links":{"self":[{"href":"https:\/\/esca.eu.com\/de\/wp-json\/wp\/v2\/product\/1284","targetHints":{"allow":["GET"]}}],"collection":[{"href":"https:\/\/esca.eu.com\/de\/wp-json\/wp\/v2\/product"}],"about":[{"href":"https:\/\/esca.eu.com\/de\/wp-json\/wp\/v2\/types\/product"}],"wp:featuredmedia":[{"embeddable":true,"href":"https:\/\/esca.eu.com\/de\/wp-json\/wp\/v2\/media\/956"}],"wp:attachment":[{"href":"https:\/\/esca.eu.com\/de\/wp-json\/wp\/v2\/media?parent=1284"}],"wp:term":[{"taxonomy":"product_brand","embeddable":true,"href":"https:\/\/esca.eu.com\/de\/wp-json\/wp\/v2\/product_brand?post=1284"},{"taxonomy":"product_cat","embeddable":true,"href":"https:\/\/esca.eu.com\/de\/wp-json\/wp\/v2\/product_cat?post=1284"},{"taxonomy":"product_tag","embeddable":true,"href":"https:\/\/esca.eu.com\/de\/wp-json\/wp\/v2\/product_tag?post=1284"}],"curies":[{"name":"wp","href":"https:\/\/api.w.org\/{rel}","templated":true}]}}