{"id":1247,"date":"2025-04-07T01:12:47","date_gmt":"2025-04-06T23:12:47","guid":{"rendered":"https:\/\/esca.eu.com\/product\/ein-twister-1\/"},"modified":"2025-04-07T01:12:47","modified_gmt":"2025-04-06T23:12:47","slug":"ein-twister-1","status":"publish","type":"product","link":"https:\/\/esca.eu.com\/de\/product\/ein-twister-1\/","title":{"rendered":"Ein Twister 1&#8243;"},"content":{"rendered":"","protected":false},"excerpt":{"rendered":"<div class=\"page\" title=\"Seite 26\">\n<div class=\"section\">\n<div class=\"layoutArea\">\n<div class=\"column\">\n<p>Der klassische Miniatur-Twister ist ein aktiver K\u00f6der. Sein gerippter K\u00f6rper imitiert einen Wurm oder eine Made, was seine Attraktivit\u00e4t f\u00fcr die Fische erh\u00f6ht. Dank seiner kleinen Seitenflossen wird der K\u00f6der im Wasser stabilisiert und erzeugt zus\u00e4tzlich einen akustischen Effekt. Die optimale Geometrie und die angemessene Schwanzdicke in Verbindung mit der Weichheit des Materials erm\u00f6glichen es dem Twister, sofort nach dem Auswerfen zu arbeiten, selbst bei sehr langsamen Animationen. Er ist ideal f\u00fcr das klassische Mikrotrigger-, Jig- oder pelagische Angeln in der Wassers\u00e4ule und lockt Raub- und Wei\u00dffische effektiv an.    <\/p>\n<\/div>\n<\/div>\n<\/div>\n<\/div>\n","protected":false},"featured_media":1630,"template":"","meta":{"_acf_changed":false},"product_brand":[53],"product_cat":[156,147],"product_tag":[],"class_list":{"0":"post-1247","1":"product","2":"type-product","3":"status-publish","4":"has-post-thumbnail","6":"product_brand-esca","7":"product_cat-locken-twister","8":"product_cat-suswasser","10":"first","11":"instock","12":"shipping-taxable","13":"purchasable","14":"product-type-variable"},"acf":[],"_links":{"self":[{"href":"https:\/\/esca.eu.com\/de\/wp-json\/wp\/v2\/product\/1247","targetHints":{"allow":["GET"]}}],"collection":[{"href":"https:\/\/esca.eu.com\/de\/wp-json\/wp\/v2\/product"}],"about":[{"href":"https:\/\/esca.eu.com\/de\/wp-json\/wp\/v2\/types\/product"}],"wp:featuredmedia":[{"embeddable":true,"href":"https:\/\/esca.eu.com\/de\/wp-json\/wp\/v2\/media\/1630"}],"wp:attachment":[{"href":"https:\/\/esca.eu.com\/de\/wp-json\/wp\/v2\/media?parent=1247"}],"wp:term":[{"taxonomy":"product_brand","embeddable":true,"href":"https:\/\/esca.eu.com\/de\/wp-json\/wp\/v2\/product_brand?post=1247"},{"taxonomy":"product_cat","embeddable":true,"href":"https:\/\/esca.eu.com\/de\/wp-json\/wp\/v2\/product_cat?post=1247"},{"taxonomy":"product_tag","embeddable":true,"href":"https:\/\/esca.eu.com\/de\/wp-json\/wp\/v2\/product_tag?post=1247"}],"curies":[{"name":"wp","href":"https:\/\/api.w.org\/{rel}","templated":true}]}}