{"id":1208,"date":"2025-04-06T23:42:31","date_gmt":"2025-04-06T21:42:31","guid":{"rendered":"https:\/\/esca.eu.com\/product\/gelockter-twister-3-5\/"},"modified":"2025-04-06T23:42:31","modified_gmt":"2025-04-06T21:42:31","slug":"gelockter-twister-3-5","status":"publish","type":"product","link":"https:\/\/esca.eu.com\/de\/product\/gelockter-twister-3-5\/","title":{"rendered":"Gelockter Twister 3.5&#8243;"},"content":{"rendered":"","protected":false},"excerpt":{"rendered":"<div class=\"page\" title=\"Seite 16\">\n<div class=\"section\">\n<div class=\"layoutArea\">\n<div class=\"column\">\n<p>Twister ist ein K\u00f6der mit einer einzigartigen Form. Er hat einen langen Karbonk\u00f6rper und einen flexiblen Schwanz mit einer undurchsichtigen Wabenperforation, die es dem K\u00f6der erm\u00f6glicht, sich auch bei niedrigen Animationsgeschwindigkeiten geschmeidig zu bewegen, um selbst den passivsten R\u00e4uber zu provozieren. Wird f\u00fcr den Fang von gro\u00dfen Troph\u00e4enhechten und Zandern mit einer Vielzahl von Jig-Sets verwendet  <\/p>\n<\/div>\n<\/div>\n<\/div>\n<\/div>\n","protected":false},"featured_media":932,"template":"","meta":{"_acf_changed":false},"product_brand":[],"product_cat":[156,147],"product_tag":[],"class_list":{"0":"post-1208","1":"product","2":"type-product","3":"status-publish","4":"has-post-thumbnail","6":"product_cat-locken-twister","7":"product_cat-suswasser","9":"first","10":"instock","11":"shipping-taxable","12":"purchasable","13":"product-type-variable"},"acf":[],"_links":{"self":[{"href":"https:\/\/esca.eu.com\/de\/wp-json\/wp\/v2\/product\/1208","targetHints":{"allow":["GET"]}}],"collection":[{"href":"https:\/\/esca.eu.com\/de\/wp-json\/wp\/v2\/product"}],"about":[{"href":"https:\/\/esca.eu.com\/de\/wp-json\/wp\/v2\/types\/product"}],"wp:featuredmedia":[{"embeddable":true,"href":"https:\/\/esca.eu.com\/de\/wp-json\/wp\/v2\/media\/932"}],"wp:attachment":[{"href":"https:\/\/esca.eu.com\/de\/wp-json\/wp\/v2\/media?parent=1208"}],"wp:term":[{"taxonomy":"product_brand","embeddable":true,"href":"https:\/\/esca.eu.com\/de\/wp-json\/wp\/v2\/product_brand?post=1208"},{"taxonomy":"product_cat","embeddable":true,"href":"https:\/\/esca.eu.com\/de\/wp-json\/wp\/v2\/product_cat?post=1208"},{"taxonomy":"product_tag","embeddable":true,"href":"https:\/\/esca.eu.com\/de\/wp-json\/wp\/v2\/product_tag?post=1208"}],"curies":[{"name":"wp","href":"https:\/\/api.w.org\/{rel}","templated":true}]}}