{"id":1179,"date":"2025-04-06T23:45:41","date_gmt":"2025-04-06T21:45:41","guid":{"rendered":"https:\/\/esca.eu.com\/product\/t-n-t-1-3\/"},"modified":"2025-04-06T23:45:41","modified_gmt":"2025-04-06T21:45:41","slug":"t-n-t-1-3","status":"publish","type":"product","link":"https:\/\/esca.eu.com\/de\/product\/t-n-t-1-3\/","title":{"rendered":"T-N-T 1.3&#8243;"},"content":{"rendered":"","protected":false},"excerpt":{"rendered":"<div class=\"page\" title=\"Seite 5\">\n<div class=\"section\">\n<div class=\"layoutArea\">\n<div class=\"column\">\n<p>Ringwurm-Imitation, einer der flexibelsten und beweglichsten passiven K\u00f6der. Der breite K\u00f6rper des Wurms hat eine ziemlich d\u00fcnne Basis und eine ringf\u00f6rmige Struktur, die f\u00fcr unglaubliche Flexibilit\u00e4t sorgt und dem K\u00f6der die richtige Bewegung f\u00fcr jede Art des passiven Angelns verleiht. Gro\u00dfartig f\u00fcr passive, wachsame Raubfische und Wei\u00dffische  <\/p>\n<\/div>\n<\/div>\n<\/div>\n<\/div>\n","protected":false},"featured_media":788,"template":"","meta":{"_acf_changed":false},"product_brand":[53],"product_cat":[147,148],"product_tag":[],"class_list":{"0":"post-1179","1":"product","2":"type-product","3":"status-publish","4":"has-post-thumbnail","6":"product_brand-esca","7":"product_cat-suswasser","8":"product_cat-t-n-t-de-2","10":"first","11":"instock","12":"shipping-taxable","13":"purchasable","14":"product-type-variable"},"acf":[],"_links":{"self":[{"href":"https:\/\/esca.eu.com\/de\/wp-json\/wp\/v2\/product\/1179","targetHints":{"allow":["GET"]}}],"collection":[{"href":"https:\/\/esca.eu.com\/de\/wp-json\/wp\/v2\/product"}],"about":[{"href":"https:\/\/esca.eu.com\/de\/wp-json\/wp\/v2\/types\/product"}],"wp:featuredmedia":[{"embeddable":true,"href":"https:\/\/esca.eu.com\/de\/wp-json\/wp\/v2\/media\/788"}],"wp:attachment":[{"href":"https:\/\/esca.eu.com\/de\/wp-json\/wp\/v2\/media?parent=1179"}],"wp:term":[{"taxonomy":"product_brand","embeddable":true,"href":"https:\/\/esca.eu.com\/de\/wp-json\/wp\/v2\/product_brand?post=1179"},{"taxonomy":"product_cat","embeddable":true,"href":"https:\/\/esca.eu.com\/de\/wp-json\/wp\/v2\/product_cat?post=1179"},{"taxonomy":"product_tag","embeddable":true,"href":"https:\/\/esca.eu.com\/de\/wp-json\/wp\/v2\/product_tag?post=1179"}],"curies":[{"name":"wp","href":"https:\/\/api.w.org\/{rel}","templated":true}]}}