{"id":1172,"date":"2025-04-06T23:14:02","date_gmt":"2025-04-06T21:14:02","guid":{"rendered":"https:\/\/esca.eu.com\/product\/vibro-schnecke-4-pro\/"},"modified":"2025-04-06T23:14:02","modified_gmt":"2025-04-06T21:14:02","slug":"vibro-schnecke-4-pro","status":"publish","type":"product","link":"https:\/\/esca.eu.com\/de\/product\/vibro-schnecke-4-pro\/","title":{"rendered":"Vibro-Schnecke 4&#8243; Pro"},"content":{"rendered":"","protected":false},"excerpt":{"rendered":"<p>Der gerippte K\u00f6rper und die ma\u00dfgeschneiderte Form verleihen dem K\u00f6der ein erstaunlich nat\u00fcrliches Spiel und eine ph\u00e4nomenale Flexibilit\u00e4t. Der ringf\u00f6rmige K\u00f6rper unterbricht und kr\u00fcmmt die Wasserstr\u00f6mung und provoziert die Fische zum Angriff.  Er ist vielseitig f\u00fcr fast jede Art von Ausr\u00fcstung, einschlie\u00dflich Split-Shot, Drop-Shot und Weki. Er eignet sich hervorragend f\u00fcr Zander, Barsch und Hecht. Sie k\u00f6nnen damit gro\u00dfe, ruhige Fische fangen, vor allem w\u00e4hrend der Fr\u00fchjahrsflut, wenn eine gro\u00dfe Anzahl wurmartiger Kreaturen ins Wasser kommt. <\/p>\n","protected":false},"featured_media":1605,"template":"","meta":{"_acf_changed":false},"product_brand":[53],"product_cat":[149,150],"product_tag":[],"class_list":{"0":"post-1172","1":"product","2":"type-product","3":"status-publish","4":"has-post-thumbnail","6":"product_brand-esca","7":"product_cat-professionell","8":"product_cat-shaker-de","10":"first","11":"instock","12":"shipping-taxable","13":"purchasable","14":"product-type-variable"},"acf":[],"_links":{"self":[{"href":"https:\/\/esca.eu.com\/de\/wp-json\/wp\/v2\/product\/1172","targetHints":{"allow":["GET"]}}],"collection":[{"href":"https:\/\/esca.eu.com\/de\/wp-json\/wp\/v2\/product"}],"about":[{"href":"https:\/\/esca.eu.com\/de\/wp-json\/wp\/v2\/types\/product"}],"wp:featuredmedia":[{"embeddable":true,"href":"https:\/\/esca.eu.com\/de\/wp-json\/wp\/v2\/media\/1605"}],"wp:attachment":[{"href":"https:\/\/esca.eu.com\/de\/wp-json\/wp\/v2\/media?parent=1172"}],"wp:term":[{"taxonomy":"product_brand","embeddable":true,"href":"https:\/\/esca.eu.com\/de\/wp-json\/wp\/v2\/product_brand?post=1172"},{"taxonomy":"product_cat","embeddable":true,"href":"https:\/\/esca.eu.com\/de\/wp-json\/wp\/v2\/product_cat?post=1172"},{"taxonomy":"product_tag","embeddable":true,"href":"https:\/\/esca.eu.com\/de\/wp-json\/wp\/v2\/product_tag?post=1172"}],"curies":[{"name":"wp","href":"https:\/\/api.w.org\/{rel}","templated":true}]}}