{"id":1132,"date":"2025-04-06T22:01:23","date_gmt":"2025-04-06T20:01:23","guid":{"rendered":"https:\/\/esca.eu.com\/product\/sleem-worm-2-forelle\/"},"modified":"2025-04-06T22:01:23","modified_gmt":"2025-04-06T20:01:23","slug":"sleem-worm-2-forelle","status":"publish","type":"product","link":"https:\/\/esca.eu.com\/de\/product\/sleem-worm-2-forelle\/","title":{"rendered":"Sleem Worm 2&#8243; Forelle"},"content":{"rendered":"","protected":false},"excerpt":{"rendered":"<p>Imitation eines Erd- oder Dungwurms. Die besondere K\u00f6rpergeometrie mit einem speziellen Mittelteil erm\u00f6glicht ein deutliches, realistisches Spiel mit dem K\u00f6der. Empfohlen f\u00fcr die Verwendung an klassischen Toggle-Montagen, Bleimontagen (Carolina, Texas, Drop-Shot) und insbesondere der &#8222;Veki&#8220;-Montage beim Angeln auf Raub- und Wei\u00dffische.  <\/p>\n","protected":false},"featured_media":1545,"template":"","meta":{"_acf_changed":false},"product_brand":[53],"product_cat":[122],"product_tag":[],"class_list":{"0":"post-1132","1":"product","2":"type-product","3":"status-publish","4":"has-post-thumbnail","6":"product_brand-esca","7":"product_cat-forelle","9":"first","10":"instock","11":"shipping-taxable","12":"purchasable","13":"product-type-variable"},"acf":[],"_links":{"self":[{"href":"https:\/\/esca.eu.com\/de\/wp-json\/wp\/v2\/product\/1132","targetHints":{"allow":["GET"]}}],"collection":[{"href":"https:\/\/esca.eu.com\/de\/wp-json\/wp\/v2\/product"}],"about":[{"href":"https:\/\/esca.eu.com\/de\/wp-json\/wp\/v2\/types\/product"}],"wp:featuredmedia":[{"embeddable":true,"href":"https:\/\/esca.eu.com\/de\/wp-json\/wp\/v2\/media\/1545"}],"wp:attachment":[{"href":"https:\/\/esca.eu.com\/de\/wp-json\/wp\/v2\/media?parent=1132"}],"wp:term":[{"taxonomy":"product_brand","embeddable":true,"href":"https:\/\/esca.eu.com\/de\/wp-json\/wp\/v2\/product_brand?post=1132"},{"taxonomy":"product_cat","embeddable":true,"href":"https:\/\/esca.eu.com\/de\/wp-json\/wp\/v2\/product_cat?post=1132"},{"taxonomy":"product_tag","embeddable":true,"href":"https:\/\/esca.eu.com\/de\/wp-json\/wp\/v2\/product_tag?post=1132"}],"curies":[{"name":"wp","href":"https:\/\/api.w.org\/{rel}","templated":true}]}}