{"id":989,"date":"2022-06-07T12:25:37","date_gmt":"2022-06-07T10:25:37","guid":{"rendered":"https:\/\/esca.eu.com\/versand\/"},"modified":"2025-05-16T15:10:00","modified_gmt":"2025-05-16T13:10:00","slug":"versand","status":"publish","type":"page","link":"https:\/\/esca.eu.com\/de\/versand\/","title":{"rendered":"Vorschriften"},"content":{"rendered":"<h1><span>Vorschriften<\/span><\/h1>\n<div>\n<p><span><strong>Details zum Unternehmen:<\/strong><\/span><br \/><span>ZOMER Andrzej Kowalczyk, Jacek Kowalczyk s.c.<\/span><br \/><span>31\/4 Krysztalowa St., 01-356 Warschau <\/span><br \/><span>NIP: 5262182335<\/span><br \/><span>REGON: 012777535<\/span><\/p>\n<h3><span>1. Allgemeine Bestimmungen<\/span><\/h3>\n<p><span>1.1. Diese Allgemeinen Gesch\u00e4ftsbedingungen regeln die Nutzung des Online-Shops, der unter  <\/span><span><a disabled>www.esca.eu.com<\/a><\/span><span>. <\/span> <\/p>\n<p><span>1.2. Der Shop wird betrieben von ZOMER Andrzej Kowalczyk, Jacek Kowalczyk s.c.  <\/span><\/p>\n<p><span>1.3. Der Kunde ist verpflichtet, die Vorschriften bei der Bestellung und der Nutzung der Dienstleistungen des Shops einzuhalten.<\/span><\/p>\n<h3><span>2 Regeln f\u00fcr die Aufgabe von Bestellungen<\/span><\/h3>\n<p><span>2.1. Bestellungen k\u00f6nnen 24 Stunden am Tag \u00fcber die Website aufgegeben werden.  <\/span><\/p>\n<p><span>2.2. Der Kunde w\u00e4hlt Produkte aus dem Sortiment des Shops aus, legt die Liefermethode und die Zahlungsmethode fest.  <\/span><\/p>\n<p><span>2.3. Der Kaufvertrag kommt zustande, sobald der Shop die Bestellung best\u00e4tigt.<\/span><\/p>\n<h3><span>3 Zahlung und Lieferung<\/span><\/h3>\n<p><span>3.1. Verf\u00fcgbare Zahlungsarten: Bank\u00fcberweisung, Online-Zahlung, Nachnahme.  <\/span><\/p>\n<p><span>3.2. Die Lieferung erfolgt innerhalb Polens und der EU.  <\/span><\/p>\n<p><span>3.3. Die Lieferzeit betr\u00e4gt in der Regel 2-5 Arbeitstage.<\/span><\/p>\n<h3><span>4 R\u00fcckzug<\/span><\/h3>\n<p><span>4.1. Der Verbraucher hat das Recht, den Vertrag ohne Angabe von Gr\u00fcnden innerhalb von 14 Tagen nach Erhalt der Ware zu widerrufen.<\/span><\/p>\n<p><span>4.2. Um von Ihrem Widerrufsrecht Gebrauch zu machen, m\u00fcssen Sie Ihre Erkl\u00e4rung per E-Mail oder per Post \u00fcbermitteln.  <\/span><\/p>\n<p><span>4.3. Die R\u00fcckerstattung erfolgt innerhalb von 14 Tagen nach Erhalt der zur\u00fcckgesandten Waren.<\/span><\/p>\n<h3><span>5 Reklamationen<\/span><\/h3>\n<p><span>5.1. Bei M\u00e4ngeln an der Ware hat der Kunde das Recht, eine Reklamation einzureichen.  <\/span><\/p>\n<p><span>5.2. Beschwerden sollten an diese E-Mail-Adresse gerichtet werden:  <\/span><span><a href=\"mailto:zomer-wa@wp.pl\"><br \/><\/a><a href=\"mailto:biuro@esca.eu.com\">biuro@esca.eu.com<\/a><a disabled><\/a><\/span><span> oder <a disabled><\/a><a href=\"mailto:zomer-wa@wp.pl\">zomer-wa@wp.pl<\/a> oder schriftlich an die Adresse des eingetragenen Firmensitzes.<\/span><\/p>\n<p><span>5.3. Reklamationen werden innerhalb von 14 Tagen nach Eingang bearbeitet.<\/span><\/p>\n<h3><span>6 Datenschutz und Datenschutzpolitik (RODO)<\/span><\/h3>\n<p><span>6.1. Der Verwalter der pers\u00f6nlichen Daten ist ZOMER Andrzej Kowalczyk, Jacek Kowalczyk s.c.  <\/span><\/p>\n<p><span>6.2. Personenbezogene Daten werden zum Zweck der Bearbeitung von Bestellungen, der Ausstellung von Rechnungen und der Kontaktaufnahme mit dem Kunden verarbeitet.  <\/span><\/p>\n<p><span>6.3. Jede Person hat das Recht auf Zugang, Berichtigung, L\u00f6schung und Einschr\u00e4nkung der Verarbeitung ihrer Daten.  <\/span><\/p>\n<p><span>6.4. Die Daten werden nicht ohne Zustimmung an Dritte weitergegeben, mit Ausnahme von Kurierdiensten und Zahlungsdienstleistern.<\/span><\/p>\n<h3><span>7 Schlussbestimmungen<\/span><\/h3>\n<p><span>7.1. Die Verordnungen sind ab dem Datum der Ver\u00f6ffentlichung auf der Website g\u00fcltig.  <\/span><\/p>\n<p><span>7.2. Der Shop beh\u00e4lt sich das Recht vor, die Allgemeinen Gesch\u00e4ftsbedingungen zu \u00e4ndern. Die \u00c4nderungen sind ab dem Zeitpunkt ihrer Ver\u00f6ffentlichung g\u00fcltig. <\/span><\/p>\n<\/div>\n<hr>\n<h1><span>Lieferung und Bezahlung<\/span><\/h1>\n<div>\n<p>Im <strong>ESCA-Onlineshop <\/strong>sorgen wir daf\u00fcr, dass Ihre Bestellung schnell, sicher und bequem bei Ihnen ankommt. Wir bieten Ihnen bew\u00e4hrte Liefermethoden und sichere Zahlungsmethoden, um Ihren Einkauf zu einem Vergn\u00fcgen zu machen. <\/p>\n<\/div>\n<ul>\n<li>\n<div><strong>\ud83d\ude9a Lieferung<\/strong> <br \/>Wir arbeiten mit dem vertrauensw\u00fcrdigen Spediteur InPost zusammen, damit Sie Ihr Paket auf die bequemste Weise abholen k\u00f6nnen: InPost-Paketautomaten 24\/7 &#8211; Abholung, wann Sie wollen, keine Warteschlangen InPost-Kurier &#8211; schnelle Lieferung an Ihre Adresse  <\/p>\n<ul>\n<li>Vorlaufzeit: 1-2 Arbeitstage<\/li>\n<li>Bestellungen, die bis 12 Uhr eingehen, werden noch am selben Tag versandt!<\/li>\n<\/ul>\n<\/div>\n<\/li>\n<li>\n<div>\n<p><strong>\ud83d\udcb3 Bezahlung<\/strong><\/p>\n<p><strong>Wir bieten Ihnen schnelle und sichere Online-Zahlungsmethoden:<\/strong>, Przelewy24 &#8211; schnelle \u00dcberweisungen, BLIK, Kartenzahlung Zahlung per VISA \/ MasterCard Apple Pay \/ Google Pay (je nach Ger\u00e4t) Ihre Zahlungen sind vollst\u00e4ndig gesichert &#8211; wir verwenden eine verschl\u00fcsselte SSL-Verbindung und verifizierte Zahlungsanbieter.<\/p>\n<\/div>\n<\/li>\n<\/ul>\n<hr>\n<div>\n<div>\n<p><strong>Haben Sie Fragen?<\/strong><br \/>Kontaktieren Sie uns: <br \/>+48 602 336 745<br \/>+48 602 338 815 <br \/>Mo &#8211; Sa 9:00 &#8211; 18:00<br \/>zomer-wa@wp.pl<\/p>\n<\/div>\n<\/div>\n<p><img decoding=\"async\" src=\"\/wp-content\/uploads\/2025\/04\/fish1.png\" alt=\"\"><\/p>\n<p><!--more--><br \/>\n<!-- {\"type\":\"layout\",\"children\":[{\"type\":\"section\",\"props\":{\"djsectionsanywhere\":{\"enabled\":0},\"height\":\"page\",\"image_position\":\"center-center\",\"padding_remove_bottom\":true,\"style\":\"default\",\"title_breakpoint\":\"xl\",\"title_position\":\"top-left\",\"title_rotation\":\"left\",\"vertical_align\":\"\",\"width\":\"large\"},\"children\":[{\"type\":\"row\",\"children\":[{\"type\":\"column\",\"props\":{\"image_position\":\"center-center\",\"position_sticky_breakpoint\":\"m\",\"width_medium\":\"1-1\"},\"children\":[{\"type\":\"headline\",\"props\":{\"content\":\"<span>Regulamin<\\\/span>\",\"title_element\":\"h1\"}},{\"type\":\"text\",\"props\":{\"column_breakpoint\":\"m\",\"content\":\"\n\n<p><span><strong>Dane firmy:<\\\/strong><\\\/span><br \\\/><span>ZOMER Andrzej Kowalczyk, Jacek Kowalczyk s.c.<\\\/span><br \\\/><span>ul. Kryszta\\u0142owa 31\\\/4, 01-356 Warszawa<\\\/span><br \\\/><span>NIP: 5262182335<\\\/span><br \\\/><span>REGON: 012777535<\\\/span><\\\/p>\\n\n\n<h3><span>1. Postanowienia og\\u00f3lne<\\\/span><\\\/h3>\\n\n\n<p><span>1.1. Regulamin okre\\u015bla zasady korzystania ze sklepu internetowego dost\\u0119pnego pod adresem <\\\/span><span><a disabled=\\\"disabled\\\">www.esca.eu.com<\\\/a><\\\/span><span>. <\\\/span><\\\/p>\\n\n\n<p><span>1.2. Sklep prowadzony jest przez ZOMER Andrzej Kowalczyk, Jacek Kowalczyk s.c. <\\\/span><\\\/p>\\n\n\n<p><span>1.3. Klient jest zobowi\\u0105zany do przestrzegania regulaminu podczas sk\\u0142adania zam\\u00f3wie\\u0144 i korzystania z us\\u0142ug sklepu.<\\\/span><\\\/p>\\n\n\n<h3><span>2. Zasady sk\\u0142adania zam\\u00f3wie\\u0144<\\\/span><\\\/h3>\\n\n\n<p><span>2.1. Zam\\u00f3wienia mo\\u017cna sk\\u0142ada\\u0107 przez stron\\u0119 internetow\\u0105 24 godziny na dob\\u0119. <\\\/span><\\\/p>\\n\n\n<p><span>2.2. Klient wybiera produkty z oferty sklepu, okre\\u015bla spos\\u00f3b dostawy i form\\u0119 p\\u0142atno\\u015bci. <\\\/span><\\\/p>\\n\n\n<p><span>2.3. Umowa sprzeda\\u017cy zostaje zawarta z chwil\\u0105 potwierdzenia zam\\u00f3wienia przez sklep.<\\\/span><\\\/p>\\n\n\n<h3><span>3. P\\u0142atno\\u015bci i dostawa<\\\/span><\\\/h3>\\n\n\n<p><span>3.1. Dost\\u0119pne metody p\\u0142atno\\u015bci: przelew bankowy, p\\u0142atno\\u015b\\u0107 online, p\\u0142atno\\u015b\\u0107 za pobraniem. <\\\/span><\\\/p>\\n\n\n<p><span>3.2. Dostawa realizowana jest na terenie Polski i UE. <\\\/span><\\\/p>\\n\n\n<p><span>3.3. Czas dostawy wynosi zazwyczaj 2\\u20135 dni roboczych.<\\\/span><\\\/p>\\n\n\n<h3><span>4. Odst\\u0105pienie od umowy<\\\/span><\\\/h3>\\n\n\n<p><span>4.1. Konsument ma prawo odst\\u0105pi\\u0107 od umowy bez podania przyczyny w ci\\u0105gu 14 dni od otrzymania towaru.<\\\/span><\\\/p>\\n\n\n<p><span>4.2. Aby skorzysta\\u0107 z prawa odst\\u0105pienia, nale\\u017cy wys\\u0142a\\u0107 o\\u015bwiadczenie e-mailowo lub poczt\\u0105. <\\\/span><\\\/p>\\n\n\n<p><span>4.3. Zwrot pieni\\u0119dzy nast\\u0119puje w ci\\u0105gu 14 dni od otrzymania zwrotu towaru.<\\\/span><\\\/p>\\n\n\n<h3><span>5. Reklamacje<\\\/span><\\\/h3>\\n\n\n<p><span>5.1. W przypadku wad towaru klient ma prawo z\\u0142o\\u017cy\\u0107 reklamacj\\u0119. <\\\/span><\\\/p>\\n\n\n<p><span>5.2. Reklamacje nale\\u017cy kierowa\\u0107 na adres e-mail: <\\\/span><span><a href=\\\"mailto:zomer-wa@wp.pl\\\"><br \\\/><\\\/a><a href=\\\"mailto:biuro@esca.eu.com\\\">biuro@esca.eu.com<\\\/a><a disabled=\\\"disabled\\\"><\\\/a><\\\/span><span> lub <a disabled=\\\"disabled\\\"><\\\/a><a href=\\\"mailto:zomer-wa@wp.pl\\\">zomer-wa@wp.pl<\\\/a> lub pisemnie na adres siedziby.<\\\/span><\\\/p>\\n\n\n<p><span>5.3. Reklamacje s\\u0105 rozpatrywane w ci\\u0105gu 14 dni od daty otrzymania.<\\\/span><\\\/p>\\n\n\n<h3><span>6. Ochrona danych osobowych i polityka prywatno\\u015bci (RODO)<\\\/span><\\\/h3>\\n\n\n<p><span>6.1. Administratorem danych osobowych jest ZOMER Andrzej Kowalczyk, Jacek Kowalczyk s.c. <\\\/span><\\\/p>\\n\n\n<p><span>6.2. Dane osobowe przetwarzane s\\u0105 w celu realizacji zam\\u00f3wie\\u0144, wystawiania faktur, kontaktu z klientem. <\\\/span><\\\/p>\\n\n\n<p><span>6.3. Ka\\u017cda osoba ma prawo do wgl\\u0105du, poprawiania, usuni\\u0119cia oraz ograniczenia przetwarzania swoich danych. <\\\/span><\\\/p>\\n\n\n<p><span>6.4. Dane nie s\\u0105 przekazywane podmiotom trzecim bez zgody, z wyj\\u0105tkiem firm kurierskich i operator\\u00f3w p\\u0142atno\\u015bci.<\\\/span><\\\/p>\\n\n\n<h3><span>7. Postanowienia ko\\u0144cowe<\\\/span><\\\/h3>\\n\n\n<p><span>7.1. Regulamin obowi\\u0105zuje od dnia publikacji na stronie internetowej. <\\\/span><\\\/p>\\n\n\n<p><span>7.2. Sklep zastrzega sobie prawo do zmian regulaminu. Zmiany obowi\\u0105zuj\\u0105 od momentu ich publikacji.<\\\/span><\\\/p>\",\"margin\":\"default\"}}]}]}],\"name\":\"Heading\"},{\"type\":\"section\",\"props\":{\"image_position\":\"center-center\",\"style\":\"default\",\"title_breakpoint\":\"xl\",\"title_position\":\"top-left\",\"title_rotation\":\"left\",\"vertical_align\":\"middle\",\"width\":\"default\"},\"children\":[{\"type\":\"row\",\"children\":[{\"type\":\"column\",\"props\":{\"image_position\":\"center-center\",\"position_sticky_breakpoint\":\"m\"},\"children\":[{\"type\":\"divider\",\"props\":{\"divider_align\":\"center\",\"divider_element\":\"hr\"}},{\"type\":\"headline\",\"props\":{\"content\":\"<span>Dostawa i p\\u0142atno\\u015b\\u0107<\\\/span>\",\"title_element\":\"h1\"}},{\"type\":\"text\",\"props\":{\"column_breakpoint\":\"m\",\"content\":\"\n\n<p>W sklepie internetowym <strong>ESCA <\\\/strong>dbamy o to, aby Twoje zam\\u00f3wienie dotar\\u0142o szybko, bezpiecznie i wygodnie. Oferujemy sprawdzone metody dostawy oraz bezpieczne formy p\\u0142atno\\u015bci, aby zakupy by\\u0142y dla Ciebie przyjemno\\u015bci\\u0105.<\\\/p>\",\"margin\":\"default\"}}]}]}]},{\"name\":\"Terms\",\"type\":\"section\",\"props\":{\"djsectionsanywhere\":{\"enabled\":0},\"image_position\":\"center-center\",\"style\":\"default\",\"title_breakpoint\":\"xl\",\"title_position\":\"top-left\",\"title_rotation\":\"left\",\"vertical_align\":\"\",\"width\":\"large\"},\"children\":[{\"type\":\"row\",\"props\":{\"column_gap\":\"large\",\"layout\":\"1-2,1-2\",\"margin\":\"large\"},\"children\":[{\"type\":\"column\",\"props\":{\"image_position\":\"center-center\",\"position_sticky_breakpoint\":\"m\",\"width_medium\":\"1-2\"},\"children\":[{\"type\":\"list\",\"props\":{\"block_align\":\"right\",\"column_breakpoint\":\"m\",\"image_align\":\"left\",\"image_svg_color\":\"emphasis\",\"image_vertical_align\":true,\"list_element\":\"ul\",\"list_horizontal_separator\":\", \",\"list_size\":\"large\",\"list_type\":\"vertical\",\"margin\":\"medium\",\"show_image\":true,\"show_link\":true},\"children\":[{\"type\":\"list_item\",\"props\":{\"content\":\"<strong>\\ud83d\\ude9a Dostawa<\\\/strong> <br \\\/>Wsp\\u00f3\\u0142pracujemy z zaufanym przewo\\u017anikiem InPost, dzi\\u0119ki czemu mo\\u017cesz odebra\\u0107 przesy\\u0142k\\u0119 w najdogodniejszy spos\\u00f3b: Paczkomaty InPost 24\\\/7 \\u2013 odbierz kiedy chcesz, bez kolejek Kurier InPost \\u2013 szybka dostawa pod wskazany adres\\u00a0<br \\\/>\\n\n\n<ul>\\n\n\n<li>Czas realizacji zam\\u00f3wienia: 1\\u20132 dni robocze<\\\/li>\\n\n\n<li>Zam\\u00f3wienia z\\u0142o\\u017cone do godziny 12:00 wysy\\u0142amy tego samego dnia!<\\\/li>\\n<\\\/ul>\"}},{\"type\":\"list_item\",\"props\":{\"content\":\"\n\n<p><strong>\\ud83d\\udcb3 P\\u0142atno\\u015b\\u0107<\\\/strong><\\\/p>\\n\n\n<p><strong>Oferujemy szybkie i bezpieczne metody p\\u0142atno\\u015bci online:<\\\/strong>, Przelewy24 \\u2013 szybkie przelewy, BLIK, karta p\\u0142atnicza P\\u0142atno\\u015b\\u0107 kart\\u0105 VISA \\\/ MasterCard Apple Pay \\\/ Google Pay (w zale\\u017cno\\u015bci od urz\\u0105dzenia) Twoje p\\u0142atno\\u015bci s\\u0105 w pe\\u0142ni zabezpieczone \\u2013 korzystamy z szyfrowanego po\\u0142\\u0105czenia SSL oraz sprawdzonych operator\\u00f3w p\\u0142atno\\u015bci.<\\\/p>\"}}]},{\"type\":\"divider\",\"props\":{\"divider_element\":\"hr\"}},{\"type\":\"list\",\"props\":{\"block_align\":\"right\",\"column_breakpoint\":\"m\",\"image_align\":\"left\",\"image_svg_color\":\"emphasis\",\"image_vertical_align\":true,\"list_element\":\"ul\",\"list_horizontal_separator\":\", \",\"list_size\":\"large\",\"list_type\":\"vertical\",\"margin\":\"medium\",\"show_image\":true,\"show_link\":true},\"children\":[{\"type\":\"list_item\",\"props\":{\"content\":\"\n\n<p><strong>Masz pytania?<\\\/strong><br \\\/>Skontaktuj si\\u0119 z nami: <br \\\/>+48 602 336 745<br \\\/>+48 602 338 815 <br \\\/>Pon - Sob 9:00 - 18:00<br \\\/>zomer-wa@wp.pl<\\\/p>\"}}]}]},{\"type\":\"column\",\"props\":{\"image_position\":\"center-center\",\"position_sticky_breakpoint\":\"m\",\"width_medium\":\"1-2\"},\"children\":[{\"type\":\"image\",\"props\":{\"image\":\"wp-content\\\/uploads\\\/2025\\\/04\\\/fish1.png\",\"image_svg_color\":\"emphasis\",\"margin\":\"default\"}}]}]}]}],\"version\":\"4.5.11\"} --><\/p>\n","protected":false},"excerpt":{"rendered":"<p>Vorschriften Details zum Unternehmen:ZOMER Andrzej Kowalczyk, Jacek Kowalczyk s.c.31\/4 Krysztalowa St., 01-356 Warschau NIP: 5262182335REGON: 012777535 1. Allgemeine Bestimmungen 1.1. Diese Allgemeinen Gesch\u00e4ftsbedingungen regeln die Nutzung des Online-Shops, der unter www.esca.eu.com. 1.2. Der Shop wird betrieben von ZOMER Andrzej Kowalczyk, Jacek Kowalczyk s.c. 1.3. Der Kunde ist verpflichtet, die Vorschriften bei der Bestellung und der [&hellip;]<\/p>\n","protected":false},"author":1,"featured_media":0,"parent":0,"menu_order":0,"comment_status":"closed","ping_status":"closed","template":"","meta":{"_acf_changed":false,"footnotes":""},"class_list":["post-989","page","type-page","status-publish","hentry"],"acf":[],"_links":{"self":[{"href":"https:\/\/esca.eu.com\/de\/wp-json\/wp\/v2\/pages\/989","targetHints":{"allow":["GET"]}}],"collection":[{"href":"https:\/\/esca.eu.com\/de\/wp-json\/wp\/v2\/pages"}],"about":[{"href":"https:\/\/esca.eu.com\/de\/wp-json\/wp\/v2\/types\/page"}],"author":[{"embeddable":true,"href":"https:\/\/esca.eu.com\/de\/wp-json\/wp\/v2\/users\/1"}],"replies":[{"embeddable":true,"href":"https:\/\/esca.eu.com\/de\/wp-json\/wp\/v2\/comments?post=989"}],"version-history":[{"count":3,"href":"https:\/\/esca.eu.com\/de\/wp-json\/wp\/v2\/pages\/989\/revisions"}],"predecessor-version":[{"id":1329,"href":"https:\/\/esca.eu.com\/de\/wp-json\/wp\/v2\/pages\/989\/revisions\/1329"}],"wp:attachment":[{"href":"https:\/\/esca.eu.com\/de\/wp-json\/wp\/v2\/media?parent=989"}],"curies":[{"name":"wp","href":"https:\/\/api.w.org\/{rel}","templated":true}]}}