{"id":1296,"date":"2025-05-29T11:08:51","date_gmt":"2025-05-29T09:08:51","guid":{"rendered":"https:\/\/esca.eu.com\/?page_id=1296"},"modified":"2025-05-29T11:16:27","modified_gmt":"2025-05-29T09:16:27","slug":"ruckerstattung-und-ruckgabebedingungen","status":"publish","type":"page","link":"https:\/\/esca.eu.com\/de\/ruckerstattung-und-ruckgabebedingungen\/","title":{"rendered":"R\u00fcckerstattung"},"content":{"rendered":"<div>\n<h4>Lieferung und Zahlung<\/h4>\n<p>Im ESCA Online-Shop sorgen wir daf\u00fcr, dass Ihre Bestellung schnell, sicher und bequem bei Ihnen ankommt. Wir bieten bew\u00e4hrte Versandmethoden und sichere Zahlungsmethoden, damit Ihr Einkauf zum Vergn\u00fcgen wird.<\/p>\n<p>Lieferung<br \/>Wir arbeiten mit dem vertrauensw\u00fcrdigen Spediteur InPost zusammen, damit Sie Ihr Paket bequem abholen k\u00f6nnen: InPost 24\/7-Paketschlie\u00dff\u00e4cher \u2013 Abholung wann immer Sie m\u00f6chten, ohne Warteschlangen. InPost-Kurier \u2013 schnelle Lieferung an die angegebene Adresse.<\/p>\n<p>Bestellbearbeitungszeit: 1\u20132 Werktage.<br \/>Bestellungen, die vor 12:00 Uhr eingehen, werden noch am selben Tag versendet!<br \/>Zahlung<\/p>\n<p>Wir bieten schnelle und sichere Online-Zahlungsmethoden: Przelewy24 \u2013 schnelle \u00dcberweisungen, BLIK, Zahlungskarte, Zahlung mit VISA\/MasterCard, Apple Pay\/Google Pay (je nach Ger\u00e4t). Ihre Zahlungen sind vollst\u00e4ndig gesch\u00fctzt \u2013 wir verwenden eine verschl\u00fcsselte SSL-Verbindung und bew\u00e4hrte Zahlungsanbieter.<\/p>\n<h4>Haben Sie Fragen?<\/h4>\n<p>Kontaktieren Sie uns:<\/p>\n<p>ZOMER s.c.<br \/>ul. Kryszta\u0142owa 31\/4, 01-356 Warschau<br \/>NIP: 5262182335 REGON: 012777535<\/p>\n<p>+48 602 336 745<br \/>+48 602 338 815<br \/>Mo \u2013 Sa 9:00 \u2013 18:00 Uhr<br \/>zomer-wa@wp.pl<\/p>\n<\/div>\n<p><!--more--><br \/>\n<!-- {\"type\":\"layout\",\"children\":[{\"type\":\"section\",\"props\":{\"image_position\":\"center-center\",\"style\":\"default\",\"title_breakpoint\":\"xl\",\"title_position\":\"top-left\",\"title_rotation\":\"left\",\"vertical_align\":\"middle\",\"width\":\"default\"},\"children\":[{\"type\":\"row\",\"children\":[{\"type\":\"column\",\"props\":{\"image_position\":\"center-center\",\"position_sticky_breakpoint\":\"m\"},\"children\":[{\"type\":\"text\",\"props\":{\"column_breakpoint\":\"m\",\"content\":\"\n\n<h4>Lieferung und Zahlung<\\\/h4>\\n\n\n<p>Im ESCA Online-Shop sorgen wir daf\\u00fcr, dass Ihre Bestellung schnell, sicher und bequem bei Ihnen ankommt. Wir bieten bew\\u00e4hrte Versandmethoden und sichere Zahlungsmethoden, damit Ihr Einkauf zum Vergn\\u00fcgen wird.<\\\/p>\\n\n\n<p>Lieferung<br \\\/>Wir arbeiten mit dem vertrauensw\\u00fcrdigen Spediteur InPost zusammen, damit Sie Ihr Paket bequem abholen k\\u00f6nnen: InPost 24\\\/7-Paketschlie\\u00dff\\u00e4cher \\u2013 Abholung wann immer Sie m\\u00f6chten, ohne Warteschlangen. InPost-Kurier \\u2013 schnelle Lieferung an die angegebene Adresse.<\\\/p>\\n\n\n<p>Bestellbearbeitungszeit: 1\\u20132 Werktage.<br \\\/>Bestellungen, die vor 12:00 Uhr eingehen, werden noch am selben Tag versendet!<br \\\/>Zahlung<\\\/p>\\n\n\n<p>Wir bieten schnelle und sichere Online-Zahlungsmethoden: Przelewy24 \\u2013 schnelle \\u00dcberweisungen, BLIK, Zahlungskarte, Zahlung mit VISA\\\/MasterCard, Apple Pay\\\/Google Pay (je nach Ger\\u00e4t). Ihre Zahlungen sind vollst\\u00e4ndig gesch\\u00fctzt \\u2013 wir verwenden eine verschl\\u00fcsselte SSL-Verbindung und bew\\u00e4hrte Zahlungsanbieter.<\\\/p>\\n\n\n<h4>Haben Sie Fragen?<\\\/h4>\\n\n\n<p>Kontaktieren Sie uns:<\\\/p>\\n\n\n<p>ZOMER s.c.<br \\\/>ul. Kryszta\\u0142owa 31\\\/4, 01-356 Warschau<br \\\/>NIP: 5262182335 REGON: 012777535<\\\/p>\\n\n\n<p>+48 602 336 745<br \\\/>+48 602 338 815<br \\\/>Mo \\u2013 Sa 9:00 \\u2013 18:00 Uhr<br \\\/>zomer-wa@wp.pl<\\\/p>\",\"margin\":\"default\"}}]}]}]}],\"version\":\"4.5.11\"} --><\/p>\n","protected":false},"excerpt":{"rendered":"<p>Lieferung und Zahlung Im ESCA Online-Shop sorgen wir daf\u00fcr, dass Ihre Bestellung schnell, sicher und bequem bei Ihnen ankommt. Wir bieten bew\u00e4hrte Versandmethoden und sichere Zahlungsmethoden, damit Ihr Einkauf zum Vergn\u00fcgen wird. LieferungWir arbeiten mit dem vertrauensw\u00fcrdigen Spediteur InPost zusammen, damit Sie Ihr Paket bequem abholen k\u00f6nnen: InPost 24\/7-Paketschlie\u00dff\u00e4cher \u2013 Abholung wann immer Sie m\u00f6chten, [&hellip;]<\/p>\n","protected":false},"author":1,"featured_media":0,"parent":0,"menu_order":0,"comment_status":"closed","ping_status":"closed","template":"","meta":{"_acf_changed":false,"footnotes":""},"class_list":["post-1296","page","type-page","status-publish","hentry"],"acf":[],"_links":{"self":[{"href":"https:\/\/esca.eu.com\/de\/wp-json\/wp\/v2\/pages\/1296","targetHints":{"allow":["GET"]}}],"collection":[{"href":"https:\/\/esca.eu.com\/de\/wp-json\/wp\/v2\/pages"}],"about":[{"href":"https:\/\/esca.eu.com\/de\/wp-json\/wp\/v2\/types\/page"}],"author":[{"embeddable":true,"href":"https:\/\/esca.eu.com\/de\/wp-json\/wp\/v2\/users\/1"}],"replies":[{"embeddable":true,"href":"https:\/\/esca.eu.com\/de\/wp-json\/wp\/v2\/comments?post=1296"}],"version-history":[{"count":4,"href":"https:\/\/esca.eu.com\/de\/wp-json\/wp\/v2\/pages\/1296\/revisions"}],"predecessor-version":[{"id":1394,"href":"https:\/\/esca.eu.com\/de\/wp-json\/wp\/v2\/pages\/1296\/revisions\/1394"}],"wp:attachment":[{"href":"https:\/\/esca.eu.com\/de\/wp-json\/wp\/v2\/media?parent=1296"}],"curies":[{"name":"wp","href":"https:\/\/api.w.org\/{rel}","templated":true}]}}